{"id":10,"date":"2026-03-10T00:45:17","date_gmt":"2026-03-10T00:45:17","guid":{"rendered":"https:\/\/raizesdopico.com\/?page_id=10"},"modified":"2026-04-28T10:12:02","modified_gmt":"2026-04-28T10:12:02","slug":"historia","status":"publish","type":"page","link":"https:\/\/raizesdopico.com\/en\/historia\/","title":{"rendered":"History"},"content":{"rendered":"\t\t<div data-elementor-type=\"wp-page\" data-elementor-id=\"10\" class=\"elementor elementor-10\" data-elementor-post-type=\"page\">\n\t\t\t\t<div class=\"elementor-element elementor-element-2e1cc0b1 e-flex e-con-boxed e-con e-parent\" data-id=\"2e1cc0b1\" data-element_type=\"container\" data-e-type=\"container\">\n\t\t\t\t\t<div class=\"e-con-inner\">\n\t\t<div class=\"elementor-element elementor-element-66c0fac6 e-con-full animated-slow e-flex elementor-invisible e-con e-child\" data-id=\"66c0fac6\" data-element_type=\"container\" data-e-type=\"container\" data-settings=\"{&quot;background_background&quot;:&quot;classic&quot;,&quot;animation&quot;:&quot;fadeInLeft&quot;}\">\n\t\t\t\t<\/div>\n\t\t<div class=\"elementor-element elementor-element-4cf307fe e-con-full animated-slow e-flex elementor-invisible e-con e-child\" data-id=\"4cf307fe\" data-element_type=\"container\" data-e-type=\"container\" data-settings=\"{&quot;animation&quot;:&quot;fadeInRight&quot;}\">\n\t\t\t\t<div class=\"elementor-element elementor-element-24126476 elementor-widget elementor-widget-heading\" data-id=\"24126476\" data-element_type=\"widget\" data-e-type=\"widget\" data-widget_type=\"heading.default\">\n\t\t\t\t\t<h2 class=\"elementor-heading-title elementor-size-default\">A Hist\u00f3ria por detr\u00e1s das Ra\u00edzes<\/h2>\t\t\t\t<\/div>\n\t\t\t\t<div class=\"elementor-element elementor-element-2271ec30 elementor-widget elementor-widget-text-editor\" data-id=\"2271ec30\" data-element_type=\"widget\" data-e-type=\"widget\" data-widget_type=\"text-editor.default\">\n\t\t\t\t\t\t\t\t\t<p class=\"font-claude-response-body break-words whitespace-normal leading-[1.7]\">A hist\u00f3ria da <strong>Ra\u00edzes do Pico<\/strong> come\u00e7a h\u00e1 mais de 100 anos, quando estas terras e casas pertenciam j\u00e1 \u00e0 fam\u00edlia. Durante v\u00e1rias gera\u00e7\u00f5es, os familiares viveram principalmente do trabalho agr\u00edcola, em particular da produ\u00e7\u00e3o de vinho e da cultura de figueiras, atividades profundamente enraizadas na tradi\u00e7\u00e3o da ilha do Pico. Os terrenos de vinha e as casas passaram de gera\u00e7\u00e3o em gera\u00e7\u00e3o, mantendo sempre a liga\u00e7\u00e3o \u00e0 terra e \u00e0 paisagem singular que caracteriza esta regi\u00e3o da ilha.<\/p>\n<p class=\"font-claude-response-body break-words whitespace-normal leading-[1.7]\">Foi neste contexto de heran\u00e7a familiar que <strong>D\u00e9lio Furtado<\/strong> cresceu, entre vinhas centen\u00e1rias, casas de pedra bas\u00e1ltica e o orgulho de pertencer a uma terra com hist\u00f3ria. Com experi\u00eancia na constru\u00e7\u00e3o e recupera\u00e7\u00e3o de edif\u00edcios tradicionais, D\u00e9lio transformou essas antigas habita\u00e7\u00f5es de fam\u00edlia em espa\u00e7os de alojamento que honram a mem\u00f3ria do passado sem abrir m\u00e3o do conforto moderno. Cada parede restaurada, cada pedra recolocada, conta uma hist\u00f3ria que pertence a esta terra.<\/p>\n<p class=\"font-claude-response-body break-words whitespace-normal leading-[1.7]\">O projeto nasceu de uma vontade genu\u00edna: a de receber quem visita o Pico com a mesma hospitalidade que sempre caracterizou as gentes desta ilha, com autenticidade, simplicidade e orgulho nas ra\u00edzes.<\/p>\n<p class=\"font-claude-response-body break-words whitespace-normal leading-[1.7]\"><em>Bem-vindo \u00e0 nossa casa.<\/em> <strong>D\u00e9lio Furtado<\/strong><\/p>\t\t\t\t\t\t\t\t<\/div>\n\t\t\t\t<\/div>\n\t\t\t\t\t<\/div>\n\t\t\t\t<\/div>\n\t\t<div class=\"elementor-element elementor-element-4ad878d e-flex e-con-boxed e-con e-parent\" data-id=\"4ad878d\" data-element_type=\"container\" data-e-type=\"container\" data-settings=\"{&quot;background_background&quot;:&quot;classic&quot;}\">\n\t\t\t\t\t<div class=\"e-con-inner\">\n\t\t\t\t<div class=\"elementor-element elementor-element-a55fb2a animated-slow elementor-invisible elementor-widget elementor-widget-heading\" data-id=\"a55fb2a\" data-element_type=\"widget\" data-e-type=\"widget\" data-settings=\"{&quot;_animation&quot;:&quot;fadeIn&quot;}\" data-widget_type=\"heading.default\">\n\t\t\t\t\t<h2 class=\"elementor-heading-title elementor-size-default\">Valores da marca<\/h2>\t\t\t\t<\/div>\n\t\t\t\t<div class=\"elementor-element elementor-element-1516812 animated-slow elementor-invisible elementor-widget elementor-widget-text-editor\" data-id=\"1516812\" data-element_type=\"widget\" data-e-type=\"widget\" data-settings=\"{&quot;_animation&quot;:&quot;fadeIn&quot;}\" data-widget_type=\"text-editor.default\">\n\t\t\t\t\t\t\t\t\t<p data-start=\"3635\" data-end=\"3727\">A <strong data-start=\"3637\" data-end=\"3655\">Ra\u00edzes do Pico<\/strong> baseia-se em princ\u00edpios que refletem a identidade da fam\u00edlia e da ilha:<\/p>\t\t\t\t\t\t\t\t<\/div>\n\t\t\t\t\t<\/div>\n\t\t\t\t<\/div>\n\t\t<div class=\"elementor-element elementor-element-48732ad2 e-flex e-con-boxed e-con e-parent\" data-id=\"48732ad2\" data-element_type=\"container\" data-e-type=\"container\" data-settings=\"{&quot;background_background&quot;:&quot;classic&quot;}\">\n\t\t\t\t\t<div class=\"e-con-inner\">\n\t\t<div class=\"elementor-element elementor-element-12188948 e-con-full animated-slow e-flex elementor-invisible e-con e-child\" data-id=\"12188948\" data-element_type=\"container\" data-e-type=\"container\" data-settings=\"{&quot;background_background&quot;:&quot;classic&quot;,&quot;animation&quot;:&quot;fadeInUp&quot;,&quot;animation_delay&quot;:200}\">\n\t\t\t\t<div class=\"elementor-element elementor-element-3e75fc9c elementor-widget elementor-widget-heading\" data-id=\"3e75fc9c\" data-element_type=\"widget\" data-e-type=\"widget\" data-widget_type=\"heading.default\">\n\t\t\t\t\t<h2 class=\"elementor-heading-title elementor-size-default\">Tradi\u00e7\u00e3o<\/h2>\t\t\t\t<\/div>\n\t\t\t\t<div class=\"elementor-element elementor-element-1c8aaac3 elementor-widget elementor-widget-text-editor\" data-id=\"1c8aaac3\" data-element_type=\"widget\" data-e-type=\"widget\" data-widget_type=\"text-editor.default\">\n\t\t\t\t\t\t\t\t\t<p data-start=\"3729\" data-end=\"3813\">Preserva\u00e7\u00e3o da hist\u00f3ria familiar e das pr\u00e1ticas agr\u00edcolas ancestrais.<\/p>\t\t\t\t\t\t\t\t<\/div>\n\t\t\t\t<\/div>\n\t\t<div class=\"elementor-element elementor-element-311181e e-con-full animated-slow e-flex elementor-invisible e-con e-child\" data-id=\"311181e\" data-element_type=\"container\" data-e-type=\"container\" data-settings=\"{&quot;background_background&quot;:&quot;classic&quot;,&quot;animation&quot;:&quot;fadeInUp&quot;,&quot;animation_delay&quot;:200}\">\n\t\t\t\t<div class=\"elementor-element elementor-element-9596c73 elementor-widget elementor-widget-heading\" data-id=\"9596c73\" data-element_type=\"widget\" data-e-type=\"widget\" data-widget_type=\"heading.default\">\n\t\t\t\t\t<h2 class=\"elementor-heading-title elementor-size-default\">Hospitalidade<\/h2>\t\t\t\t<\/div>\n\t\t\t\t<div class=\"elementor-element elementor-element-67020a0 elementor-widget elementor-widget-text-editor\" data-id=\"67020a0\" data-element_type=\"widget\" data-e-type=\"widget\" data-widget_type=\"text-editor.default\">\n\t\t\t\t\t\t\t\t\t<p data-start=\"3815\" data-end=\"3889\">Receber cada visitante como parte da hist\u00f3ria da casa.<\/p>\t\t\t\t\t\t\t\t<\/div>\n\t\t\t\t<\/div>\n\t\t<div class=\"elementor-element elementor-element-dd0ab44 e-con-full animated-slow e-flex elementor-invisible e-con e-child\" data-id=\"dd0ab44\" data-element_type=\"container\" data-e-type=\"container\" data-settings=\"{&quot;background_background&quot;:&quot;classic&quot;,&quot;animation&quot;:&quot;fadeInUp&quot;,&quot;animation_delay&quot;:200}\">\n\t\t\t\t<div class=\"elementor-element elementor-element-f1d40bb elementor-widget elementor-widget-heading\" data-id=\"f1d40bb\" data-element_type=\"widget\" data-e-type=\"widget\" data-widget_type=\"heading.default\">\n\t\t\t\t\t<h2 class=\"elementor-heading-title elementor-size-default\">Liga\u00e7\u00e3o \u00e0 terra\n<\/h2>\t\t\t\t<\/div>\n\t\t\t\t<div class=\"elementor-element elementor-element-bf5d972 elementor-widget elementor-widget-text-editor\" data-id=\"bf5d972\" data-element_type=\"widget\" data-e-type=\"widget\" data-widget_type=\"text-editor.default\">\n\t\t\t\t\t\t\t\t\t<p data-start=\"3891\" data-end=\"3984\">Respeito pela paisagem, pela vinha e pela cultura vitivin\u00edcola do Pico.<\/p>\t\t\t\t\t\t\t\t<\/div>\n\t\t\t\t<\/div>\n\t\t<div class=\"elementor-element elementor-element-6c3a8b2 e-con-full animated-slow e-flex elementor-invisible e-con e-child\" data-id=\"6c3a8b2\" data-element_type=\"container\" data-e-type=\"container\" data-settings=\"{&quot;background_background&quot;:&quot;classic&quot;,&quot;animation&quot;:&quot;fadeInUp&quot;,&quot;animation_delay&quot;:200}\">\n\t\t\t\t<div class=\"elementor-element elementor-element-4184110 elementor-widget elementor-widget-heading\" data-id=\"4184110\" data-element_type=\"widget\" data-e-type=\"widget\" data-widget_type=\"heading.default\">\n\t\t\t\t\t<h2 class=\"elementor-heading-title elementor-size-default\">Autenticidade<\/h2>\t\t\t\t<\/div>\n\t\t\t\t<div class=\"elementor-element elementor-element-11fbd27 elementor-widget elementor-widget-text-editor\" data-id=\"11fbd27\" data-element_type=\"widget\" data-e-type=\"widget\" data-widget_type=\"text-editor.default\">\n\t\t\t\t\t\t\t\t\t<p data-start=\"3986\" data-end=\"4067\">Oferecer experi\u00eancias genu\u00ednas num ambiente rural verdadeiro.<\/p>\t\t\t\t\t\t\t\t<\/div>\n\t\t\t\t<\/div>\n\t\t\t\t\t<\/div>\n\t\t\t\t<\/div>\n\t\t<div class=\"elementor-element elementor-element-55152275 e-con-full e-flex elementor-invisible e-con e-parent\" data-id=\"55152275\" data-element_type=\"container\" data-e-type=\"container\" data-settings=\"{&quot;background_background&quot;:&quot;classic&quot;,&quot;animation&quot;:&quot;fadeInRight&quot;}\">\n\t\t<div class=\"elementor-element elementor-element-b1a80d9 e-con-full e-flex e-con e-child\" data-id=\"b1a80d9\" data-element_type=\"container\" data-e-type=\"container\" data-settings=\"{&quot;background_background&quot;:&quot;classic&quot;}\">\n\t\t\t\t<\/div>\n\t\t<div class=\"elementor-element elementor-element-3f2f693d e-con-full e-flex e-con e-child\" data-id=\"3f2f693d\" data-element_type=\"container\" data-e-type=\"container\" data-settings=\"{&quot;background_background&quot;:&quot;classic&quot;}\">\n\t\t\t\t<div class=\"elementor-element elementor-element-74603571 elementor-widget elementor-widget-heading\" data-id=\"74603571\" data-element_type=\"widget\" data-e-type=\"widget\" data-widget_type=\"heading.default\">\n\t\t\t\t\t<h2 class=\"elementor-heading-title elementor-size-default\">A CONTINUIDADE DA TRADI\u00c7\u00c3O<\/h2>\t\t\t\t<\/div>\n\t\t\t\t<div class=\"elementor-element elementor-element-134914ef elementor-widget elementor-widget-text-editor\" data-id=\"134914ef\" data-element_type=\"widget\" data-e-type=\"widget\" data-widget_type=\"text-editor.default\">\n\t\t\t\t\t\t\t\t\t<p data-start=\"337\" data-end=\"667\">Com o passar do tempo, as antigas casas de fam\u00edlia foram sendo recuperadas e adaptadas para acolher visitantes, preservando sempre a identidade arquitet\u00f3nica t\u00edpica da ilha do Pico. A reconstru\u00e7\u00e3o destas habita\u00e7\u00f5es tem sido realizada pela pr\u00f3pria empresa, respeitando os materiais tradicionais e valorizando o patrim\u00f3nio familiar.<\/p><p data-start=\"669\" data-end=\"921\">Hoje, a <strong data-start=\"677\" data-end=\"695\">Ra\u00edzes do Pico<\/strong> mant\u00e9m viva esta heran\u00e7a atrav\u00e9s dos alojamentos e da vinha, proporcionando aos visitantes a oportunidade de conhecer de perto a paisagem, a cultura e as tradi\u00e7\u00f5es que marcaram a hist\u00f3ria da fam\u00edlia durante mais de um s\u00e9culo.<\/p>\t\t\t\t\t\t\t\t<\/div>\n\t\t\t\t<\/div>\n\t\t\t\t<\/div>\n\t\t\t\t<\/div>\n\t\t","protected":false},"excerpt":{"rendered":"<p>A Hist\u00f3ria por detr\u00e1s das Ra\u00edzes A hist\u00f3ria da Ra\u00edzes do Pico come\u00e7a h\u00e1 mais de 100 anos, quando estas terras e casas pertenciam j\u00e1 \u00e0 fam\u00edlia. Durante v\u00e1rias gera\u00e7\u00f5es, os familiares viveram principalmente do trabalho agr\u00edcola, em particular da produ\u00e7\u00e3o de vinho e da cultura de figueiras, atividades profundamente enraizadas na tradi\u00e7\u00e3o da ilha [&hellip;]<\/p>\n","protected":false},"author":1,"featured_media":0,"parent":0,"menu_order":0,"comment_status":"closed","ping_status":"closed","template":"","meta":{"footnotes":""},"class_list":["post-10","page","type-page","status-publish","hentry"],"yoast_head":"<!-- This site is optimized with the Yoast SEO Premium plugin v27.0 (Yoast SEO v27.2) - https:\/\/yoast.com\/product\/yoast-seo-premium-wordpress\/ -->\n<title>Hist\u00f3ria - Ra\u00edzes do Pico<\/title>\n<meta name=\"robots\" content=\"index, follow, max-snippet:-1, max-image-preview:large, max-video-preview:-1\" \/>\n<link rel=\"canonical\" href=\"https:\/\/raizesdopico.com\/en\/historia\/\" \/>\n<meta property=\"og:locale\" content=\"en_GB\" \/>\n<meta property=\"og:type\" content=\"article\" \/>\n<meta property=\"og:title\" content=\"Hist\u00f3ria\" \/>\n<meta property=\"og:description\" content=\"A Hist\u00f3ria por detr\u00e1s das Ra\u00edzes A hist\u00f3ria da Ra\u00edzes do Pico come\u00e7a h\u00e1 mais de 100 anos, quando estas terras e casas pertenciam j\u00e1 \u00e0 fam\u00edlia. Durante v\u00e1rias gera\u00e7\u00f5es, os familiares viveram principalmente do trabalho agr\u00edcola, em particular da produ\u00e7\u00e3o de vinho e da cultura de figueiras, atividades profundamente enraizadas na tradi\u00e7\u00e3o da ilha [&hellip;]\" \/>\n<meta property=\"og:url\" content=\"https:\/\/raizesdopico.com\/en\/historia\/\" \/>\n<meta property=\"og:site_name\" content=\"Ra\u00edzes do Pico\" \/>\n<meta property=\"article:modified_time\" content=\"2026-04-28T10:12:02+00:00\" \/>\n<meta name=\"twitter:card\" content=\"summary_large_image\" \/>\n<meta name=\"twitter:label1\" content=\"Estimated reading time\" \/>\n\t<meta name=\"twitter:data1\" content=\"2 minutes\" \/>\n<script type=\"application\/ld+json\" class=\"yoast-schema-graph\">{\"@context\":\"https:\/\/schema.org\",\"@graph\":[{\"@type\":\"WebPage\",\"@id\":\"https:\/\/raizesdopico.com\/historia\/\",\"url\":\"https:\/\/raizesdopico.com\/historia\/\",\"name\":\"Hist\u00f3ria - Ra\u00edzes do Pico\",\"isPartOf\":{\"@id\":\"https:\/\/raizesdopico.com\/#website\"},\"datePublished\":\"2026-03-10T00:45:17+00:00\",\"dateModified\":\"2026-04-28T10:12:02+00:00\",\"breadcrumb\":{\"@id\":\"https:\/\/raizesdopico.com\/historia\/#breadcrumb\"},\"inLanguage\":\"en-GB\",\"potentialAction\":[{\"@type\":\"ReadAction\",\"target\":[\"https:\/\/raizesdopico.com\/historia\/\"]}]},{\"@type\":\"BreadcrumbList\",\"@id\":\"https:\/\/raizesdopico.com\/historia\/#breadcrumb\",\"itemListElement\":[{\"@type\":\"ListItem\",\"position\":1,\"name\":\"Home\",\"item\":\"https:\/\/raizesdopico.com\/\"},{\"@type\":\"ListItem\",\"position\":2,\"name\":\"Hist\u00f3ria\"}]},{\"@type\":\"WebSite\",\"@id\":\"https:\/\/raizesdopico.com\/#website\",\"url\":\"https:\/\/raizesdopico.com\/\",\"name\":\"Ra\u00edzes do Pico\",\"description\":\"\",\"publisher\":{\"@id\":\"https:\/\/raizesdopico.com\/#organization\"},\"potentialAction\":[{\"@type\":\"SearchAction\",\"target\":{\"@type\":\"EntryPoint\",\"urlTemplate\":\"https:\/\/raizesdopico.com\/?s={search_term_string}\"},\"query-input\":{\"@type\":\"PropertyValueSpecification\",\"valueRequired\":true,\"valueName\":\"search_term_string\"}}],\"inLanguage\":\"en-GB\"},{\"@type\":\"Organization\",\"@id\":\"https:\/\/raizesdopico.com\/#organization\",\"name\":\"Ra\u00edzes do Pico\",\"url\":\"https:\/\/raizesdopico.com\/\",\"logo\":{\"@type\":\"ImageObject\",\"inLanguage\":\"en-GB\",\"@id\":\"https:\/\/raizesdopico.com\/#\/schema\/logo\/image\/\",\"url\":\"https:\/\/raizesdopico.com\/wp-content\/uploads\/2026\/03\/logo-01-scaled.png\",\"contentUrl\":\"https:\/\/raizesdopico.com\/wp-content\/uploads\/2026\/03\/logo-01-scaled.png\",\"width\":2236,\"height\":2560,\"caption\":\"Ra\u00edzes do Pico\"},\"image\":{\"@id\":\"https:\/\/raizesdopico.com\/#\/schema\/logo\/image\/\"}}]}<\/script>\n<!-- \/ Yoast SEO Premium plugin. -->","yoast_head_json":{"title":"Hist\u00f3ria - Ra\u00edzes do Pico","robots":{"index":"index","follow":"follow","max-snippet":"max-snippet:-1","max-image-preview":"max-image-preview:large","max-video-preview":"max-video-preview:-1"},"canonical":"https:\/\/raizesdopico.com\/en\/historia\/","og_locale":"en_GB","og_type":"article","og_title":"Hist\u00f3ria","og_description":"A Hist\u00f3ria por detr\u00e1s das Ra\u00edzes A hist\u00f3ria da Ra\u00edzes do Pico come\u00e7a h\u00e1 mais de 100 anos, quando estas terras e casas pertenciam j\u00e1 \u00e0 fam\u00edlia. Durante v\u00e1rias gera\u00e7\u00f5es, os familiares viveram principalmente do trabalho agr\u00edcola, em particular da produ\u00e7\u00e3o de vinho e da cultura de figueiras, atividades profundamente enraizadas na tradi\u00e7\u00e3o da ilha [&hellip;]","og_url":"https:\/\/raizesdopico.com\/en\/historia\/","og_site_name":"Ra\u00edzes do Pico","article_modified_time":"2026-04-28T10:12:02+00:00","twitter_card":"summary_large_image","twitter_misc":{"Estimated reading time":"2 minutes"},"schema":{"@context":"https:\/\/schema.org","@graph":[{"@type":"WebPage","@id":"https:\/\/raizesdopico.com\/historia\/","url":"https:\/\/raizesdopico.com\/historia\/","name":"Hist\u00f3ria - Ra\u00edzes do Pico","isPartOf":{"@id":"https:\/\/raizesdopico.com\/#website"},"datePublished":"2026-03-10T00:45:17+00:00","dateModified":"2026-04-28T10:12:02+00:00","breadcrumb":{"@id":"https:\/\/raizesdopico.com\/historia\/#breadcrumb"},"inLanguage":"en-GB","potentialAction":[{"@type":"ReadAction","target":["https:\/\/raizesdopico.com\/historia\/"]}]},{"@type":"BreadcrumbList","@id":"https:\/\/raizesdopico.com\/historia\/#breadcrumb","itemListElement":[{"@type":"ListItem","position":1,"name":"Home","item":"https:\/\/raizesdopico.com\/"},{"@type":"ListItem","position":2,"name":"Hist\u00f3ria"}]},{"@type":"WebSite","@id":"https:\/\/raizesdopico.com\/#website","url":"https:\/\/raizesdopico.com\/","name":"Ra\u00edzes do Pico","description":"","publisher":{"@id":"https:\/\/raizesdopico.com\/#organization"},"potentialAction":[{"@type":"SearchAction","target":{"@type":"EntryPoint","urlTemplate":"https:\/\/raizesdopico.com\/?s={search_term_string}"},"query-input":{"@type":"PropertyValueSpecification","valueRequired":true,"valueName":"search_term_string"}}],"inLanguage":"en-GB"},{"@type":"Organization","@id":"https:\/\/raizesdopico.com\/#organization","name":"Ra\u00edzes do Pico","url":"https:\/\/raizesdopico.com\/","logo":{"@type":"ImageObject","inLanguage":"en-GB","@id":"https:\/\/raizesdopico.com\/#\/schema\/logo\/image\/","url":"https:\/\/raizesdopico.com\/wp-content\/uploads\/2026\/03\/logo-01-scaled.png","contentUrl":"https:\/\/raizesdopico.com\/wp-content\/uploads\/2026\/03\/logo-01-scaled.png","width":2236,"height":2560,"caption":"Ra\u00edzes do Pico"},"image":{"@id":"https:\/\/raizesdopico.com\/#\/schema\/logo\/image\/"}}]}},"_links":{"self":[{"href":"https:\/\/raizesdopico.com\/en\/wp-json\/wp\/v2\/pages\/10","targetHints":{"allow":["GET"]}}],"collection":[{"href":"https:\/\/raizesdopico.com\/en\/wp-json\/wp\/v2\/pages"}],"about":[{"href":"https:\/\/raizesdopico.com\/en\/wp-json\/wp\/v2\/types\/page"}],"author":[{"embeddable":true,"href":"https:\/\/raizesdopico.com\/en\/wp-json\/wp\/v2\/users\/1"}],"replies":[{"embeddable":true,"href":"https:\/\/raizesdopico.com\/en\/wp-json\/wp\/v2\/comments?post=10"}],"version-history":[{"count":43,"href":"https:\/\/raizesdopico.com\/en\/wp-json\/wp\/v2\/pages\/10\/revisions"}],"predecessor-version":[{"id":486,"href":"https:\/\/raizesdopico.com\/en\/wp-json\/wp\/v2\/pages\/10\/revisions\/486"}],"wp:attachment":[{"href":"https:\/\/raizesdopico.com\/en\/wp-json\/wp\/v2\/media?parent=10"}],"curies":[{"name":"wp","href":"https:\/\/api.w.org\/{rel}","templated":true}]}}